{"id":141,"date":"2025-09-15T13:06:54","date_gmt":"2025-09-15T13:06:54","guid":{"rendered":"https:\/\/barkodokuyucu.com.tr\/?post_type=product&amp;p=141"},"modified":"2025-09-15T13:06:54","modified_gmt":"2025-09-15T13:06:54","slug":"afanda-af-2020-12-inc-ekran-pos-pc","status":"publish","type":"product","link":"https:\/\/barkod.dijitalevre.com\/?product=afanda-af-2020-12-inc-ekran-pos-pc","title":{"rendered":"Afanda AF-2020 12 In\u00e7 Ekran Pos PC"},"content":{"rendered":"<h3>Afanda AF-2020 12 In\u00e7 Ekran Pos PC<\/h3>\n<div>\u2022 \u0130ntel Celeron J1900<\/div>\n<div>\u2022 15.6&#8242; Led Panel 1366&#215;768 &#8221; FLAT &#8221; MULT\u0130TOUCH<\/div>\n<div>\u2022 12.1&#8242; Arka Ekran<\/div>\n<div>\u2022 4 GB RAM<\/div>\n<div>\u2022 64 GB SSD<\/div>\n<div>\u2022 Al\u00fcminyum Kasa<\/div>\n<div>\u2022 Ergonomik Tasar\u0131m<\/div>\n<div>\u2022 4 usb \u00e7\u0131k\u0131\u015f\u0131<\/div>\n<div>\u2022 1 ethernet \u00e7\u0131k\u0131\u015f\u0131<\/div>\n<div>\u2022 1 com \u00e7\u0131k\u0131\u015f\u0131<\/div>\n","protected":false},"excerpt":{"rendered":"<p>Afanda AF-2020, Ekran Pos PC, 4GB RAM, 15.6&#8242; Led Panel, 64 GB SSD, Celeron J1900 \u0130\u015flemci, T\u00fcm \u00dcr\u00fcnler 2 Y\u0131l Garantilidir.<\/p>\n","protected":false},"featured_media":7729,"comment_status":"open","ping_status":"closed","template":"","meta":[],"product_brand":[],"product_cat":[74],"product_tag":[200],"class_list":{"0":"post-141","1":"product","2":"type-product","3":"status-publish","4":"has-post-thumbnail","6":"product_cat-cift-ekran-pos-pc","7":"product_tag-af-2020-12-inc-ekran-pos-pc","8":"product_shipping_class-yurt-ici","10":"first","11":"instock","12":"sale","13":"shipping-taxable","14":"purchasable","15":"product-type-simple"},"_links":{"self":[{"href":"https:\/\/barkod.dijitalevre.com\/index.php?rest_route=\/wp\/v2\/product\/141","targetHints":{"allow":["GET"]}}],"collection":[{"href":"https:\/\/barkod.dijitalevre.com\/index.php?rest_route=\/wp\/v2\/product"}],"about":[{"href":"https:\/\/barkod.dijitalevre.com\/index.php?rest_route=\/wp\/v2\/types\/product"}],"replies":[{"embeddable":true,"href":"https:\/\/barkod.dijitalevre.com\/index.php?rest_route=%2Fwp%2Fv2%2Fcomments&post=141"}],"wp:featuredmedia":[{"embeddable":true,"href":"https:\/\/barkod.dijitalevre.com\/index.php?rest_route=\/wp\/v2\/media\/7729"}],"wp:attachment":[{"href":"https:\/\/barkod.dijitalevre.com\/index.php?rest_route=%2Fwp%2Fv2%2Fmedia&parent=141"}],"wp:term":[{"taxonomy":"product_brand","embeddable":true,"href":"https:\/\/barkod.dijitalevre.com\/index.php?rest_route=%2Fwp%2Fv2%2Fproduct_brand&post=141"},{"taxonomy":"product_cat","embeddable":true,"href":"https:\/\/barkod.dijitalevre.com\/index.php?rest_route=%2Fwp%2Fv2%2Fproduct_cat&post=141"},{"taxonomy":"product_tag","embeddable":true,"href":"https:\/\/barkod.dijitalevre.com\/index.php?rest_route=%2Fwp%2Fv2%2Fproduct_tag&post=141"}],"curies":[{"name":"wp","href":"https:\/\/api.w.org\/{rel}","templated":true}]}}