{"id":152,"date":"2025-09-15T13:06:54","date_gmt":"2025-09-15T13:06:54","guid":{"rendered":"https:\/\/barkodokuyucu.com.tr\/?post_type=product&amp;p=152"},"modified":"2025-09-15T13:06:54","modified_gmt":"2025-09-15T13:06:54","slug":"seles-wtp-30kg-terazi-rs-232li","status":"publish","type":"product","link":"https:\/\/barkod.dijitalevre.com\/?product=seles-wtp-30kg-terazi-rs-232li","title":{"rendered":"Seles WTP-30KG Terazi RS 232&#8217;li"},"content":{"rendered":"<div>\n<div>\n<h3>Seles WTP-30KG Terazi RS 232&#8217;li<\/h3>\n<div>Kapasite: 30 kg &#8211; Hassasiyet 5\/10g<\/div>\n<\/div>\n<div>Besleme: AC Adapt\u00f6r, 12 V \/ 500mA<\/div>\n<div>Kefe \u00d6l\u00e7\u00fcs\u00fc: 204 x 263 mm<\/div>\n<div>\u00c7al\u0131\u015fma S\u0131cakl\u0131\u011f\u0131: -10\u00b0C\u00a0 &#8211; +40\u00b0C<\/div>\n<\/div>\n<div><\/div>\n<div><u><strong>\u00dcR\u00dcN \u00d6ZELL\u0130KLER\u0130<\/strong><\/u><\/div>\n<div>Beyaz \u00f6n ve arka \u0131\u015f\u0131kl\u0131 LCD g\u00f6sterge<\/div>\n<div>Otomatik s\u0131f\u0131rlama ve kapanma \u00f6zelli\u011fi<\/div>\n<div>Paslanmaz d\u00fcz kefe<\/div>\n<div>10 adet \u00f6n haf\u0131za tu\u015fu<\/div>\n<div>6V ak\u00fc ile 60 saat\u2019e kadar kullan\u0131m<\/div>\n<div>Opsiyonel RS-232 \u00e7\u0131k\u0131\u015f\u0131<\/div>\n<div>Su korumal\u0131 k\u0131l\u0131f<\/div>\n<div>\u00c7ukur kefe (Opsiyonel)<\/div>\n<div>Bakanl\u0131k taraf\u0131ndan onayl\u0131d\u0131r.<\/div>\n<div><strong>Al\u0131m ve Sat\u0131mda Kullan\u0131labilen Onayl\u0131 Terazidir.<\/strong><\/div>\n","protected":false},"excerpt":{"rendered":"<p>Seles WTP, 30KG Terazi RS 232&#8217;li, Paslanmaz D\u00fcz Kefe, Su Korumal\u0131 K\u0131l\u0131f, LCD G\u00f6sterge, T\u00fcm \u00dcr\u00fcnlerimiz 2 Y\u0131l Garantilidir.<\/p>\n","protected":false},"featured_media":7752,"comment_status":"open","ping_status":"closed","template":"","meta":[],"product_brand":[],"product_cat":[97],"product_tag":[211],"class_list":{"0":"post-152","1":"product","2":"type-product","3":"status-publish","4":"has-post-thumbnail","6":"product_cat-terazi","7":"product_tag-seles-wtp-30kg-terazi","8":"product_shipping_class-yurt-ici","10":"first","11":"outofstock","12":"shipping-taxable","13":"purchasable","14":"product-type-simple"},"_links":{"self":[{"href":"https:\/\/barkod.dijitalevre.com\/index.php?rest_route=\/wp\/v2\/product\/152","targetHints":{"allow":["GET"]}}],"collection":[{"href":"https:\/\/barkod.dijitalevre.com\/index.php?rest_route=\/wp\/v2\/product"}],"about":[{"href":"https:\/\/barkod.dijitalevre.com\/index.php?rest_route=\/wp\/v2\/types\/product"}],"replies":[{"embeddable":true,"href":"https:\/\/barkod.dijitalevre.com\/index.php?rest_route=%2Fwp%2Fv2%2Fcomments&post=152"}],"wp:featuredmedia":[{"embeddable":true,"href":"https:\/\/barkod.dijitalevre.com\/index.php?rest_route=\/wp\/v2\/media\/7752"}],"wp:attachment":[{"href":"https:\/\/barkod.dijitalevre.com\/index.php?rest_route=%2Fwp%2Fv2%2Fmedia&parent=152"}],"wp:term":[{"taxonomy":"product_brand","embeddable":true,"href":"https:\/\/barkod.dijitalevre.com\/index.php?rest_route=%2Fwp%2Fv2%2Fproduct_brand&post=152"},{"taxonomy":"product_cat","embeddable":true,"href":"https:\/\/barkod.dijitalevre.com\/index.php?rest_route=%2Fwp%2Fv2%2Fproduct_cat&post=152"},{"taxonomy":"product_tag","embeddable":true,"href":"https:\/\/barkod.dijitalevre.com\/index.php?rest_route=%2Fwp%2Fv2%2Fproduct_tag&post=152"}],"curies":[{"name":"wp","href":"https:\/\/api.w.org\/{rel}","templated":true}]}}