{"id":219,"date":"2025-09-15T13:07:18","date_gmt":"2025-09-15T13:07:18","guid":{"rendered":"https:\/\/barkodokuyucu.com.tr\/?post_type=product&amp;p=219"},"modified":"2025-09-15T13:07:18","modified_gmt":"2025-09-15T13:07:18","slug":"afanda-af-1600-pos-pc","status":"publish","type":"product","link":"https:\/\/barkod.dijitalevre.com\/?product=afanda-af-1600-pos-pc","title":{"rendered":"Afanda AF-1600 Pos PC"},"content":{"rendered":"<h3><a href=\"https:\/\/www.barkodokuyucu.com.tr\/afanda-af-1600-pos-pc\/\">Afanda AF-1600 Pos PC<\/a><\/h3>\n<p>\u2022 \u0130ntel Core i3<br \/>\n\u2022 4 Gb Ram DDR3<br \/>\n\u2022 120 Gb SSD<br \/>\n\u2022 15,6&#8242; Led Panel 1366&#215;768 FLAT<br \/>\n\u2022 Dahil \u0130ntel Hd Grafik Ekran Kart\u0131<br \/>\n\u2022 6 Usb<br \/>\n\u2022 1 Com<br \/>\n\u2022 10 Nokta Hassas Dokunmatik Panel<br \/>\n\u2022 10\/100 Ethernet Kart\u0131<br \/>\n\u2022 8 Karekter Dahili Led G\u00f6sterge<br \/>\n\u2022 Dahili Ses Kart\u0131\u2022 \u0130ntel Core i3<br \/>\n\u2022 4 Gb Ram DDR3<br \/>\n\u2022 120 Gb SSD<br \/>\n\u2022 15,6&#8242; Led Panel 1366&#215;768 FLAT<br \/>\n\u2022 Dahil \u0130ntel Hd Grafik Ekran Kart\u0131<br \/>\n\u2022 6 Usb<br \/>\n\u2022 1 Com<br \/>\n\u2022 10 Nokta Hassas Dokunmatik Panel<br \/>\n\u2022 10\/100 Ethernet Kart\u0131<br \/>\n\u2022 8 Karekter Dahili Led G\u00f6sterge<br \/>\n\u2022 Dahili Ses Kart\u0131<\/p>\n","protected":false},"excerpt":{"rendered":"<p>Afanda AF-1600 , Pos PC,\u00a0 i3 \u0130\u015flemci,\u00a0 4 GB Ram, 120 Gb SSD, Dahili Ses Kart\u0131, Led G\u00f6sterge, 15,6&#8242; Led Panel, T\u00fcm \u00dcr\u00fcnlerimiz 2 Y\u0131l Garantilidir.<\/p>\n","protected":false},"featured_media":7776,"comment_status":"open","ping_status":"closed","template":"","meta":[],"product_brand":[],"product_cat":[57],"product_tag":[220],"class_list":{"0":"post-219","1":"product","2":"type-product","3":"status-publish","4":"has-post-thumbnail","6":"product_cat-all-in-one-pc","7":"product_tag-pos-pc","8":"product_shipping_class-yurt-ici","10":"first","11":"instock","12":"shipping-taxable","13":"purchasable","14":"product-type-simple"},"_links":{"self":[{"href":"https:\/\/barkod.dijitalevre.com\/index.php?rest_route=\/wp\/v2\/product\/219","targetHints":{"allow":["GET"]}}],"collection":[{"href":"https:\/\/barkod.dijitalevre.com\/index.php?rest_route=\/wp\/v2\/product"}],"about":[{"href":"https:\/\/barkod.dijitalevre.com\/index.php?rest_route=\/wp\/v2\/types\/product"}],"replies":[{"embeddable":true,"href":"https:\/\/barkod.dijitalevre.com\/index.php?rest_route=%2Fwp%2Fv2%2Fcomments&post=219"}],"wp:featuredmedia":[{"embeddable":true,"href":"https:\/\/barkod.dijitalevre.com\/index.php?rest_route=\/wp\/v2\/media\/7776"}],"wp:attachment":[{"href":"https:\/\/barkod.dijitalevre.com\/index.php?rest_route=%2Fwp%2Fv2%2Fmedia&parent=219"}],"wp:term":[{"taxonomy":"product_brand","embeddable":true,"href":"https:\/\/barkod.dijitalevre.com\/index.php?rest_route=%2Fwp%2Fv2%2Fproduct_brand&post=219"},{"taxonomy":"product_cat","embeddable":true,"href":"https:\/\/barkod.dijitalevre.com\/index.php?rest_route=%2Fwp%2Fv2%2Fproduct_cat&post=219"},{"taxonomy":"product_tag","embeddable":true,"href":"https:\/\/barkod.dijitalevre.com\/index.php?rest_route=%2Fwp%2Fv2%2Fproduct_tag&post=219"}],"curies":[{"name":"wp","href":"https:\/\/api.w.org\/{rel}","templated":true}]}}