{"id":220,"date":"2025-09-15T13:07:18","date_gmt":"2025-09-15T13:07:18","guid":{"rendered":"https:\/\/barkodokuyucu.com.tr\/?post_type=product&amp;p=220"},"modified":"2025-09-15T13:07:18","modified_gmt":"2025-09-15T13:07:18","slug":"afanda-18-5-inc-pos-pc","status":"publish","type":"product","link":"https:\/\/barkod.dijitalevre.com\/?product=afanda-18-5-inc-pos-pc","title":{"rendered":"Afanda 18.5 Inc POS PC"},"content":{"rendered":"<h3><a href=\"https:\/\/www.barkodokuyucu.com.tr\/afanda-18-5-inc-pos-pc\/\">Afanda 18.5 \u0130n\u00e7 POS PC<\/a><\/h3>\n<h4><strong>Ekran \u00d6zelli\u011fi :\u00a0<\/strong><\/h4>\n<ul>\n<li>Ekran\u00a0 \u00a0 \u00a0 \u00a0 \u00a0 \u00a0 \u00a0 \u00a0 \u00a0 : 18.5 inch LED screen<\/li>\n<li>\u00c7\u00f6z\u00fcm\u00a0 \u00a0 \u00a0 \u00a0 \u00a0 \u00a0 \u00a0 \u00a0 \u00a0: 1366 x 768<\/li>\n<li>Parlakl\u0131k\u00a0 \u00a0 \u00a0 \u00a0 \u00a0 \u00a0 \u00a0: 300cdm2<\/li>\n<li>Kontrast\u00a0 \u00a0 \u00a0 \u00a0 \u00a0 \u00a0 \u00a0: 1000: 1<\/li>\n<li>Display area 16 : 9 \/ Display area : 408 x 229mm<\/li>\n<\/ul>\n<h4><strong>Yap\u0131land\u0131rma :<\/strong><\/h4>\n<ul>\n<li>\u0130\u015flemci\u00a0 \u00a0 \u00a0 \u00a0 \u00a0 \u00a0 \u00a0 : Allwinner A83T Eight Core Processor, clocked 2.0 G<\/li>\n<li>RAM\u00a0 \u00a0 \u00a0 \u00a0 \u00a0 \u00a0 \u00a0 \u00a0 \u00a0 : 2GB<\/li>\n<li>ROM\u00a0 \u00a0 \u00a0 \u00a0 \u00a0 \u00a0 \u00a0 \u00a0 \u00a0 : 16 GB<\/li>\n<li>i\u015fletim sistemi :<strong>\u00a0Android 6.0<\/strong><\/li>\n<\/ul>\n<h4>A\u011f \u00d6zelli\u011fi :<\/h4>\n<ul>\n<li>Kablosuz \u0130nternet : 802.11b \/ g \/ n<\/li>\n<li>Ethernet\u00a0 \u00a0 \u00a0 \u00a0 \u00a0 \u00a0 \u00a0 \u00a0 \u00a0 : Supports connection to the RJ45 network interface<\/li>\n<li>Bluetooth\u00a0 \u00a0 \u00a0 \u00a0 \u00a0 \u00a0 \u00a0 \u00a0 : Bluetooth3.0<\/li>\n<li>3G \/ 4G\u00a0 \u00a0 \u00a0 \u00a0 \u00a0 \u00a0 \u00a0 \u00a0 \u00a0 \u00a0: Support External<\/li>\n<li>3G \/ 4G\u00a0 \u00a0 \u00a0 \u00a0 \u00a0 \u00a0 \u00a0 \u00a0 \u00a0 \u00a0: USB dongle<\/li>\n<\/ul>\n<h4>Ba\u011flant\u0131 \u00d6zellikleri :<\/h4>\n<ul>\n<li>SD Cart\u00a0 \u00a0 \u00a0 \u00a0 \u00a0 \u00a0 \u00a0: 1 x SD Card slots (max support 32 GB)<\/li>\n<li>Mini USB\u00a0 \u00a0 \u00a0 \u00a0 \u00a0 :\u00a0 1 x USB OTG (through it to debug the machine, brush the system program)<\/li>\n<li>USB ba\u011flant\u0131\u00a0 \u00a0 : 3 x USB 2.0 interface (support disk, fare, klavye, printer etc)<\/li>\n<li>RJ45\u00a0 \u00a0 \u00a0 \u00a0 \u00a0 \u00a0 \u00a0 \u00a0 \u00a0 : 1 x RJ45networkinterface<\/li>\n<li>Kulakl\u0131k giri\u015fi\u00a0 :1 x 3.5mmheadphone jack<\/li>\n<li>G\u00fc\u00e7\u00a0 \u00a0 \u00a0 \u00a0 \u00a0 \u00a0 \u00a0 \u00a0 \u00a0 \u00a0 : 1 x 4.0 mm power DC jack<\/li>\n<\/ul>\n<h4>Media Plays :<\/h4>\n<ul>\n<li>Video\u00a0 : MPEG-1, MPEG-2, MPEG-4, H.263, H.264, rv, vb. (Maxsupport1080P)<\/li>\n<li>Ses\u00a0 \u00a0 \u00a0 \u00a0: SupportMP3, WMA, AA<\/li>\n<li>Resim\u00a0 : JPEG, JPG<\/li>\n<\/ul>\n<h4>Di\u011ferleri \u00d6zellikler:<\/h4>\n<ul>\n<li>Opsiyonel\u00a0 \u00a0 \u00a0 \u00a0 \u00a0 \u00a0 \u00a0 \u00a0 \u00a0 : Kablosuz (Wireless) Klavye yada Mouse<\/li>\n<li>Hoparl\u00f6r\u00a0 \u00a0 \u00a0 \u00a0 \u00a0 \u00a0 \u00a0 \u00a0 \u00a0 \u00a0: 2 x 3 W speakers<\/li>\n<li>Kamera\u00a0 \u00a0 \u00a0 \u00a0 \u00a0 \u00a0 \u00a0 \u00a0 \u00a0 \u00a0 \u00a0: Standard Kamera<\/li>\n<li>OS Dil\u00a0 \u00a0 \u00a0 \u00a0 \u00a0 \u00a0 \u00a0 \u00a0 \u00a0 \u00a0 \u00a0 \u00a0 : \u00c7ince, \u0130ngilizce, Almanca, Korece, Rus\u00e7a, Frans\u0131zca, \u0130spanyolca, ArabiaetcOSDoperations<\/li>\n<li>Muhafaza\u00a0 \u00a0 \u00a0 \u00a0 \u00a0 \u00a0 \u00a0 \u00a0 \u00a0 : Malzeme plastik veya Metal kasa iste\u011fe ba\u011fl\u0131<\/li>\n<li>Aksesuarlar\u00a0 \u00a0 \u00a0 \u00a0 \u00a0 \u00a0 \u00a0 \u00a0: Adapt\u00f6r 12V \/ 3A<\/li>\n<li>Uzaktan kumanda\u00a0 \u00a0: iste\u011fe ba\u011fl\u0131<\/li>\n<li>Kullan\u0131m k\u0131lavuzu<\/li>\n<\/ul>\n<p>\u00dcr\u00fcnlerimiz 2 Y\u0131l <a href=\"https:\/\/www.barkodokuyucu.com.tr\/\">Afanda<\/a> T\u00fcrkiye Garantilidir.<\/p>\n","protected":false},"excerpt":{"rendered":"<p>Afanda 18.5 \u0130n\u00e7 POS PC, 2GB RAM, Allwinner A83T i\u015flemci, USB Ba\u011flant\u0131s\u0131, Uzaktan Kumanda, Kablosuz \u0130nternet, \u0130\u015fletim sistemi Android 6, T\u00fcm \u00dcr\u00fcnler 2 Y\u0131l Garantilidir.<\/p>\n","protected":false},"featured_media":7780,"comment_status":"open","ping_status":"closed","template":"","meta":[],"product_brand":[],"product_cat":[57,121],"product_tag":[],"class_list":{"0":"post-220","1":"product","2":"type-product","3":"status-publish","4":"has-post-thumbnail","6":"product_cat-all-in-one-pc","7":"product_cat-android-pos-pc","8":"product_shipping_class-yurt-ici","10":"first","11":"instock","12":"shipping-taxable","13":"purchasable","14":"product-type-simple"},"_links":{"self":[{"href":"https:\/\/barkod.dijitalevre.com\/index.php?rest_route=\/wp\/v2\/product\/220","targetHints":{"allow":["GET"]}}],"collection":[{"href":"https:\/\/barkod.dijitalevre.com\/index.php?rest_route=\/wp\/v2\/product"}],"about":[{"href":"https:\/\/barkod.dijitalevre.com\/index.php?rest_route=\/wp\/v2\/types\/product"}],"replies":[{"embeddable":true,"href":"https:\/\/barkod.dijitalevre.com\/index.php?rest_route=%2Fwp%2Fv2%2Fcomments&post=220"}],"wp:featuredmedia":[{"embeddable":true,"href":"https:\/\/barkod.dijitalevre.com\/index.php?rest_route=\/wp\/v2\/media\/7780"}],"wp:attachment":[{"href":"https:\/\/barkod.dijitalevre.com\/index.php?rest_route=%2Fwp%2Fv2%2Fmedia&parent=220"}],"wp:term":[{"taxonomy":"product_brand","embeddable":true,"href":"https:\/\/barkod.dijitalevre.com\/index.php?rest_route=%2Fwp%2Fv2%2Fproduct_brand&post=220"},{"taxonomy":"product_cat","embeddable":true,"href":"https:\/\/barkod.dijitalevre.com\/index.php?rest_route=%2Fwp%2Fv2%2Fproduct_cat&post=220"},{"taxonomy":"product_tag","embeddable":true,"href":"https:\/\/barkod.dijitalevre.com\/index.php?rest_route=%2Fwp%2Fv2%2Fproduct_tag&post=220"}],"curies":[{"name":"wp","href":"https:\/\/api.w.org\/{rel}","templated":true}]}}