{"id":90,"date":"2025-09-15T13:06:32","date_gmt":"2025-09-15T13:06:32","guid":{"rendered":"https:\/\/barkodokuyucu.com.tr\/?post_type=product&amp;p=90"},"modified":"2025-09-15T13:06:32","modified_gmt":"2025-09-15T13:06:32","slug":"afanda-gl-1523-j1900-pos-pc","status":"publish","type":"product","link":"https:\/\/barkod.dijitalevre.com\/?product=afanda-gl-1523-j1900-pos-pc","title":{"rendered":"Afanda GL-1523 J1900 POS PC"},"content":{"rendered":"<h3>Afanda GL-1523 J1900 POS PC<\/h3>\n<p>\u2022 \u0130ntel Celeron j1900<br \/>\n\u2022 4GB RAM<br \/>\n\u2022 128 SSD<br \/>\n\u2022 18,5&#8242; Led Panel 1366&#215;768 FLAT MULTITOUCH<br \/>\n\u2022 Dahil \u0130ntel Hd Grafik Ekran Kart\u0131<br \/>\n\u2022 4 Usb \u00c7\u0131k\u0131\u015f\u0131<br \/>\n\u2022 1 Vga \u00c7\u0131k\u0131\u015f\u0131<br \/>\n\u2022 1 HDMI \u00c7\u0131k\u0131\u015f\u0131<br \/>\n\u2022 10 Tel Hassas Dokunmatik Panel<br \/>\n\u2022 10\/100 Ethernet Kart\u0131<br \/>\n\u2022 Dahili Ses Kart\u0131<br \/>\n\u2022 1 Com \u00c7\u0131k\u0131\u015f\u0131<\/p>\n<p><strong>7&#8242; VEYA 12&#8242; HAR\u0130C\u0130 M\u00dc\u015eTER\u0130 G\u00d6STERGES\u0130<\/strong><\/p>\n<p>( DUVARA ASILAB\u0130L\u0130R )<\/p>\n","protected":false},"excerpt":{"rendered":"<p>Afanda GL-1523 POS PC, Celeron j1900 \u0130\u015flemci, 4GB RAM, 128GB SSD, 18,5&#8242; Led Panel, Dahili Ses Kart\u0131, T\u00fcm \u00dcr\u00fcnler 2 Y\u0131l Garantilidir.<\/p>\n","protected":false},"featured_media":7695,"comment_status":"open","ping_status":"closed","template":"","meta":[],"product_brand":[],"product_cat":[58],"product_tag":[189],"class_list":{"0":"post-90","1":"product","2":"type-product","3":"status-publish","4":"has-post-thumbnail","6":"product_cat-musteri-ekrani-2","7":"product_tag-gl-1523-j1900-pos-pc","8":"product_shipping_class-yurt-ici","10":"first","11":"instock","12":"shipping-taxable","13":"purchasable","14":"product-type-simple"},"_links":{"self":[{"href":"https:\/\/barkod.dijitalevre.com\/index.php?rest_route=\/wp\/v2\/product\/90","targetHints":{"allow":["GET"]}}],"collection":[{"href":"https:\/\/barkod.dijitalevre.com\/index.php?rest_route=\/wp\/v2\/product"}],"about":[{"href":"https:\/\/barkod.dijitalevre.com\/index.php?rest_route=\/wp\/v2\/types\/product"}],"replies":[{"embeddable":true,"href":"https:\/\/barkod.dijitalevre.com\/index.php?rest_route=%2Fwp%2Fv2%2Fcomments&post=90"}],"wp:featuredmedia":[{"embeddable":true,"href":"https:\/\/barkod.dijitalevre.com\/index.php?rest_route=\/wp\/v2\/media\/7695"}],"wp:attachment":[{"href":"https:\/\/barkod.dijitalevre.com\/index.php?rest_route=%2Fwp%2Fv2%2Fmedia&parent=90"}],"wp:term":[{"taxonomy":"product_brand","embeddable":true,"href":"https:\/\/barkod.dijitalevre.com\/index.php?rest_route=%2Fwp%2Fv2%2Fproduct_brand&post=90"},{"taxonomy":"product_cat","embeddable":true,"href":"https:\/\/barkod.dijitalevre.com\/index.php?rest_route=%2Fwp%2Fv2%2Fproduct_cat&post=90"},{"taxonomy":"product_tag","embeddable":true,"href":"https:\/\/barkod.dijitalevre.com\/index.php?rest_route=%2Fwp%2Fv2%2Fproduct_tag&post=90"}],"curies":[{"name":"wp","href":"https:\/\/api.w.org\/{rel}","templated":true}]}}