{"id":91,"date":"2025-09-15T13:06:32","date_gmt":"2025-09-15T13:06:32","guid":{"rendered":"https:\/\/barkodokuyucu.com.tr\/?post_type=product&amp;p=91"},"modified":"2025-09-15T13:06:32","modified_gmt":"2025-09-15T13:06:32","slug":"afanda-gl-1701-17-inc-pos-pc","status":"publish","type":"product","link":"https:\/\/barkod.dijitalevre.com\/?product=afanda-gl-1701-17-inc-pos-pc","title":{"rendered":"Afanda GL-1701 17 \u0130n\u00e7 POS PC"},"content":{"rendered":"<h3>\u00a0GL-1701 17 \u0130n\u00e7 POS PC<\/h3>\n<div>\u2022 \u0130ntel Celeron \u01305<\/div>\n<div>\u2022 4 Gb Ram DDR3<\/div>\n<div>\u2022 64\u00a0Gb SSD<\/div>\n<div>\u2022 17&#8242; Led Panel 1024&#215;768 &#8221; FLAT &#8221; MULT\u0130TOUCH<\/div>\n<div>\u2022 Dahil \u0130ntel Hd Grafik Ekran Kart\u0131<\/div>\n<div>\u2022 6 Usb \u00c7\u0131k\u0131\u015f\u0131<\/div>\n<div>\u2022 1 Com \u00c7\u0131k\u0131\u015f\u0131<\/div>\n<div>\u2022 1 Vga \u00c7\u0131k\u0131\u015f\u0131<\/div>\n<div>\u2022 1 HDMI \u00c7\u0131k\u0131\u015f\u0131<\/div>\n<div>\u2022 10\/100 Ethernet Kart\u0131<\/div>\n<div>\u2022 8 Karekter Dahili Led G\u00f6sterge<\/div>\n<div>\u2022 Dahili Ses Kart\u0131<\/div>\n","protected":false},"excerpt":{"rendered":"<p>Afanda GL-1701, POS PC, \u01305 \u0130\u015flemci, 4 GB RAM, 64 GB SSD, 17&#8242; Led Panel, Dahili Ses Kart\u0131, Led G\u00f6sterge,\u00a0 T\u00fcm \u00dcr\u00fcnler 2 Y\u0131l Garantilidir.<\/p>\n","protected":false},"featured_media":7699,"comment_status":"open","ping_status":"closed","template":"","meta":[],"product_brand":[],"product_cat":[58],"product_tag":[190],"class_list":{"0":"post-91","1":"product","2":"type-product","3":"status-publish","4":"has-post-thumbnail","6":"product_cat-musteri-ekrani-2","7":"product_tag-gl-1701-17-inc-pos-pc","8":"product_shipping_class-yurt-ici","10":"first","11":"instock","12":"shipping-taxable","13":"purchasable","14":"product-type-simple"},"_links":{"self":[{"href":"https:\/\/barkod.dijitalevre.com\/index.php?rest_route=\/wp\/v2\/product\/91","targetHints":{"allow":["GET"]}}],"collection":[{"href":"https:\/\/barkod.dijitalevre.com\/index.php?rest_route=\/wp\/v2\/product"}],"about":[{"href":"https:\/\/barkod.dijitalevre.com\/index.php?rest_route=\/wp\/v2\/types\/product"}],"replies":[{"embeddable":true,"href":"https:\/\/barkod.dijitalevre.com\/index.php?rest_route=%2Fwp%2Fv2%2Fcomments&post=91"}],"wp:featuredmedia":[{"embeddable":true,"href":"https:\/\/barkod.dijitalevre.com\/index.php?rest_route=\/wp\/v2\/media\/7699"}],"wp:attachment":[{"href":"https:\/\/barkod.dijitalevre.com\/index.php?rest_route=%2Fwp%2Fv2%2Fmedia&parent=91"}],"wp:term":[{"taxonomy":"product_brand","embeddable":true,"href":"https:\/\/barkod.dijitalevre.com\/index.php?rest_route=%2Fwp%2Fv2%2Fproduct_brand&post=91"},{"taxonomy":"product_cat","embeddable":true,"href":"https:\/\/barkod.dijitalevre.com\/index.php?rest_route=%2Fwp%2Fv2%2Fproduct_cat&post=91"},{"taxonomy":"product_tag","embeddable":true,"href":"https:\/\/barkod.dijitalevre.com\/index.php?rest_route=%2Fwp%2Fv2%2Fproduct_tag&post=91"}],"curies":[{"name":"wp","href":"https:\/\/api.w.org\/{rel}","templated":true}]}}